{"id":11,"date":"2026-04-06T10:23:03","date_gmt":"2026-04-06T10:23:03","guid":{"rendered":"https:\/\/jobs.sephorconsulting.es\/reparaciones_castro\/?page_id=11"},"modified":"2026-04-06T11:28:45","modified_gmt":"2026-04-06T11:28:45","slug":"inicio","status":"publish","type":"page","link":"https:\/\/jobs.sephorconsulting.es\/reparaciones_castro\/","title":{"rendered":"Inicio"},"content":{"rendered":"\n<div class=\"wp-block-uagb-container uagb-block-cf8cf90e alignfull uagb-is-root-container\"><div class=\"uagb-container-inner-blocks-wrap\">\n<div class=\"wp-block-uagb-container uagb-block-5f86443c\">\n<div class=\"wp-block-uagb-advanced-heading uagb-block-9b5f663b\"><p class=\"uagb-desc-text\">EXPERTOS EN <\/p><h1 class=\"uagb-heading-text\">carpinter\u00eda met\u00e1lica y automatismos<\/h1><\/div>\n<\/div>\n<\/div><\/div>\n\n\n\n<div class=\"wp-block-uagb-container uagb-block-5995c48c alignfull uagb-is-root-container\"><div class=\"uagb-container-inner-blocks-wrap\">\n<div class=\"wp-block-uagb-container uagb-block-4e23c096\">\n<div class=\"wp-block-uagb-container uagb-block-eef70529\">\n<div class=\"wp-block-uagb-advanced-heading uagb-block-a8e00cf4\"><p class=\"uagb-desc-text\">Quienes somos <\/p><h2 class=\"uagb-heading-text\">Precisi\u00f3n en <mark style=\"background-color:rgba(0, 0, 0, 0)\" class=\"has-inline-color has-ast-global-color-0-color\">metal<\/mark>, inteligencia en <mark style=\"background-color:rgba(0, 0, 0, 0)\" class=\"has-inline-color has-ast-global-color-0-color\">automatizaci\u00f3n<\/mark><\/h2><\/div>\n<\/div>\n\n\n\n<p style=\"padding-right:var(--wp--preset--spacing--40);padding-left:var(--wp--preset--spacing--40)\">En RAFAEL PEREZ CASTRO, en La Puebla de Alfind\u00e9n, nos especializamos en carpinter\u00eda met\u00e1lica y automatismos. Ofrecemos soluciones personalizadas, combinando calidad y experiencia para garantizar la satisfacci\u00f3n de nuestros clientes en cada proyecto, desde estructuras met\u00e1licas hasta sistemas autom\u00e1ticos eficientes y duraderos. <\/p>\n\n\n\n<div class=\"wp-block-uagb-buttons uagb-buttons__outer-wrap uagb-btn__default-btn uagb-btn-tablet__default-btn uagb-btn-mobile__default-btn uagb-block-3bcdecc6\"><div class=\"uagb-buttons__wrap uagb-buttons-layout-wrap \">\n<div class=\"wp-block-uagb-buttons-child uagb-buttons__outer-wrap uagb-block-179bb377 wp-block-button\"><div class=\"uagb-button__wrapper\"><a class=\"uagb-buttons-repeater wp-block-button__link\" aria-label=\"\" href=\"#\" rel=\"follow noopener\" target=\"_self\" role=\"button\"><div class=\"uagb-button__link\">SABER M\u00c1S <\/div><span class=\"uagb-button__icon uagb-button__icon-position-after\"><svg xmlns=\"https:\/\/www.w3.org\/2000\/svg\" viewBox=\"0 0 448 512\" aria-hidden=\"true\" focussable=\"false\"><path d=\"M438.6 278.6l-160 160C272.4 444.9 264.2 448 256 448s-16.38-3.125-22.62-9.375c-12.5-12.5-12.5-32.75 0-45.25L338.8 288H32C14.33 288 .0016 273.7 .0016 256S14.33 224 32 224h306.8l-105.4-105.4c-12.5-12.5-12.5-32.75 0-45.25s32.75-12.5 45.25 0l160 160C451.1 245.9 451.1 266.1 438.6 278.6z\"><\/path><\/svg><\/span><\/a><\/div><\/div>\n<\/div><\/div>\n<\/div>\n\n\n\n<div class=\"wp-block-uagb-container uagb-block-d13ad3b0\"><\/div>\n<\/div><\/div>\n\n\n\n<div class=\"wp-block-uagb-container uagb-block-ca0e417b alignfull uagb-is-root-container\"><div class=\"uagb-container-inner-blocks-wrap\">\n<div class=\"wp-block-uagb-container uagb-block-2bd4059e\">\n<div class=\"wp-block-uagb-container uagb-block-2d40435a\">\n<div class=\"wp-block-uagb-info-box uagb-block-84f60f71 uagb-infobox__content-wrap  uagb-infobox-icon-above-title uagb-infobox-image-valign-top\"><div class=\"uagb-ifb-content\"><div class=\"uagb-ifb-image-content\"><img decoding=\"async\" src=\"https:\/\/jobs.sephorconsulting.es\/reparaciones_castro\/wp-content\/uploads\/2026\/04\/antorcha-de-soldadura.png\" alt=\"\" width=\"25\" height=\"25\" loading=\"lazy\"\/><\/div><div class=\"uagb-ifb-title-wrap\"><span class=\"uagb-ifb-title-prefix\">Servicio de<\/span><h2 class=\"uagb-ifb-title\">Reparaci\u00f3n<\/h2><\/div><\/div><\/div>\n<\/div>\n\n\n\n<p>Reparamos y mantenemos tus estructuras met\u00e1licas y automatismos con la m\u00e1xima calidad, prolongando su vida \u00fatil y asegurando un funcionamiento \u00f3ptimo en todo momento. <\/p>\n\n\n\n<div class=\"wp-block-uagb-buttons uagb-buttons__outer-wrap uagb-btn__default-btn uagb-btn-tablet__default-btn uagb-btn-mobile__default-btn uagb-block-baf032a1\"><div class=\"uagb-buttons__wrap uagb-buttons-layout-wrap \">\n<div class=\"wp-block-uagb-buttons-child uagb-buttons__outer-wrap uagb-block-8f532335 wp-block-button\"><div class=\"uagb-button__wrapper\"><a class=\"uagb-buttons-repeater wp-block-button__link\" aria-label=\"\" href=\"#\" rel=\"follow noopener\" target=\"_self\" role=\"button\"><div class=\"uagb-button__link\">saber m\u00e1s <\/div><span class=\"uagb-button__icon uagb-button__icon-position-after\"><svg xmlns=\"https:\/\/www.w3.org\/2000\/svg\" viewBox=\"0 0 448 512\" aria-hidden=\"true\" focussable=\"false\"><path d=\"M438.6 278.6l-160 160C272.4 444.9 264.2 448 256 448s-16.38-3.125-22.62-9.375c-12.5-12.5-12.5-32.75 0-45.25L338.8 288H32C14.33 288 .0016 273.7 .0016 256S14.33 224 32 224h306.8l-105.4-105.4c-12.5-12.5-12.5-32.75 0-45.25s32.75-12.5 45.25 0l160 160C451.1 245.9 451.1 266.1 438.6 278.6z\"><\/path><\/svg><\/span><\/a><\/div><\/div>\n<\/div><\/div>\n<\/div>\n\n\n\n<div class=\"wp-block-uagb-container uagb-block-4dbe404a\">\n<div class=\"wp-block-uagb-container uagb-block-d910c6a9\">\n<div class=\"wp-block-uagb-info-box uagb-block-62640c07 uagb-infobox__content-wrap  uagb-infobox-icon-above-title uagb-infobox-image-valign-top\"><div class=\"uagb-ifb-content\"><div class=\"uagb-ifb-image-content\"><img decoding=\"async\" src=\"https:\/\/jobs.sephorconsulting.es\/reparaciones_castro\/wp-content\/uploads\/2026\/04\/yunque.png\" alt=\"\" width=\"25\" height=\"25\" loading=\"lazy\"\/><\/div><div class=\"uagb-ifb-title-wrap\"><span class=\"uagb-ifb-title-prefix\">Servicio de<\/span><h2 class=\"uagb-ifb-title\">Fabricaci\u00f3n<\/h2><\/div><\/div><\/div>\n<\/div>\n\n\n\n<p>Nuestro servicio de fabricaci\u00f3n se adapta a las necesidades espec\u00edficas de cada cliente, ofreciendo estructuras y automatismos personalizados que cumplen con los m\u00e1s altos est\u00e1ndares.<\/p>\n\n\n\n<div class=\"wp-block-uagb-buttons uagb-buttons__outer-wrap uagb-btn__default-btn uagb-btn-tablet__default-btn uagb-btn-mobile__default-btn uagb-block-eb0f8e2f\"><div class=\"uagb-buttons__wrap uagb-buttons-layout-wrap \">\n<div class=\"wp-block-uagb-buttons-child uagb-buttons__outer-wrap uagb-block-047abb60 wp-block-button\"><div class=\"uagb-button__wrapper\"><a class=\"uagb-buttons-repeater wp-block-button__link\" aria-label=\"\" href=\"#\" rel=\"follow noopener\" target=\"_self\" role=\"button\"><div class=\"uagb-button__link\">saber m\u00e1s <\/div><span class=\"uagb-button__icon uagb-button__icon-position-after\"><svg xmlns=\"https:\/\/www.w3.org\/2000\/svg\" viewBox=\"0 0 448 512\" aria-hidden=\"true\" focussable=\"false\"><path d=\"M438.6 278.6l-160 160C272.4 444.9 264.2 448 256 448s-16.38-3.125-22.62-9.375c-12.5-12.5-12.5-32.75 0-45.25L338.8 288H32C14.33 288 .0016 273.7 .0016 256S14.33 224 32 224h306.8l-105.4-105.4c-12.5-12.5-12.5-32.75 0-45.25s32.75-12.5 45.25 0l160 160C451.1 245.9 451.1 266.1 438.6 278.6z\"><\/path><\/svg><\/span><\/a><\/div><\/div>\n<\/div><\/div>\n<\/div>\n\n\n\n<div class=\"wp-block-uagb-container uagb-block-9469cd82\">\n<div class=\"wp-block-uagb-container uagb-block-e26037b0\">\n<div class=\"wp-block-uagb-info-box uagb-block-0549ea20 uagb-infobox__content-wrap  uagb-infobox-icon-above-title uagb-infobox-image-valign-top\"><div class=\"uagb-ifb-content\"><div class=\"uagb-ifb-image-content\"><img decoding=\"async\" src=\"https:\/\/jobs.sephorconsulting.es\/reparaciones_castro\/wp-content\/uploads\/2026\/04\/tecnico.png\" alt=\"\" width=\"25\" height=\"25\" loading=\"lazy\"\/><\/div><div class=\"uagb-ifb-title-wrap\"><span class=\"uagb-ifb-title-prefix\">Servicio de<\/span><h2 class=\"uagb-ifb-title\">Instalaci\u00f3n<\/h2><\/div><\/div><\/div>\n<\/div>\n\n\n\n<p>Ofrecemos un servicio integral de montaje que asegura la correcta instalaci\u00f3n y el funcionamiento \u00f3ptimo de carpinter\u00eda met\u00e1lica y automatismos que fabricamos para nuestros clientes. <\/p>\n\n\n\n<div class=\"wp-block-uagb-buttons uagb-buttons__outer-wrap uagb-btn__default-btn uagb-btn-tablet__default-btn uagb-btn-mobile__default-btn uagb-block-f1cb1026\"><div class=\"uagb-buttons__wrap uagb-buttons-layout-wrap \">\n<div class=\"wp-block-uagb-buttons-child uagb-buttons__outer-wrap uagb-block-07ef34ae wp-block-button\"><div class=\"uagb-button__wrapper\"><a class=\"uagb-buttons-repeater wp-block-button__link\" aria-label=\"\" href=\"#\" rel=\"follow noopener\" target=\"_self\" role=\"button\"><div class=\"uagb-button__link\">saber m\u00e1s <\/div><span class=\"uagb-button__icon uagb-button__icon-position-after\"><svg xmlns=\"https:\/\/www.w3.org\/2000\/svg\" viewBox=\"0 0 448 512\" aria-hidden=\"true\" focussable=\"false\"><path d=\"M438.6 278.6l-160 160C272.4 444.9 264.2 448 256 448s-16.38-3.125-22.62-9.375c-12.5-12.5-12.5-32.75 0-45.25L338.8 288H32C14.33 288 .0016 273.7 .0016 256S14.33 224 32 224h306.8l-105.4-105.4c-12.5-12.5-12.5-32.75 0-45.25s32.75-12.5 45.25 0l160 160C451.1 245.9 451.1 266.1 438.6 278.6z\"><\/path><\/svg><\/span><\/a><\/div><\/div>\n<\/div><\/div>\n<\/div>\n<\/div><\/div>\n\n\n\n<div class=\"wp-block-uagb-container uagb-block-5f42b750 alignfull uagb-is-root-container\"><div class=\"uagb-container-inner-blocks-wrap\">\n<div class=\"wp-block-uagb-container uagb-block-357b596c\">\n<div class=\"wp-block-uagb-advanced-heading uagb-block-ecf09693\"><p class=\"uagb-desc-text\">Cont\u00e1ctanos<\/p><h2 class=\"uagb-heading-text\">Solicita tu presupuesto sin compromiso. <mark style=\"background-color:rgba(0, 0, 0, 0)\" class=\"has-inline-color has-ast-global-color-0-color\">\u00a1Hablemos!<\/mark><\/h2><\/div>\n<\/div>\n\n\n\n<div class=\"wp-block-uagb-container uagb-block-8ea243d1\"><div class=\"frm_forms  with_frm_style frm_style_estilo-de-formidable\" id=\"frm_form_1_container\" >\n<form enctype=\"multipart\/form-data\" method=\"post\" class=\"frm-show-form \" id=\"form_contact-form\" >\n<div class=\"frm_form_fields \">\n<fieldset>\n<legend class=\"frm_screen_reader\">Contact Us<\/legend>\n\n<div class=\"frm_fields_container\">\n<input type=\"hidden\" name=\"frm_action\" value=\"create\" \/>\n<input type=\"hidden\" name=\"form_id\" value=\"1\" \/>\n<input type=\"hidden\" name=\"frm_hide_fields_1\" id=\"frm_hide_fields_1\" value=\"\" \/>\n<input type=\"hidden\" name=\"form_key\" value=\"contact-form\" \/>\n<input type=\"hidden\" name=\"item_meta[0]\" value=\"\" \/>\n<input type=\"hidden\" id=\"frm_submit_entry_1\" name=\"frm_submit_entry_1\" value=\"7d88649433\" \/><input type=\"hidden\" name=\"_wp_http_referer\" value=\"\/reparaciones_castro\/wp-json\/wp\/v2\/pages\/11\" \/><div id=\"frm_field_7_container\" class=\"frm_form_field form-field  frm_required_field frm_inside_container\">\n\t<label for=\"field_fzjo1\" id=\"field_fzjo1_label\" class=\"frm_primary_label\">Nombre y Apellidos\n\t\t<span class=\"frm_required\" aria-hidden=\"true\">*<\/span>\n\t<\/label>\n\t<input type=\"text\" id=\"field_fzjo1\" name=\"item_meta[7]\" value=\"\"  data-reqmsg=\"Nombre y Apellidos no puede estar en blanco.\" aria-required=\"true\" data-invmsg=\"Nombre y Apellidos no es v\u00e1lido\" aria-invalid=\"false\"  \/>\n\t\n\t\n<\/div>\n<div id=\"frm_field_3_container\" class=\"frm_form_field form-field  frm_required_field frm_inside_container frm_full\">\n\t<label for=\"field_29yf4d\" id=\"field_29yf4d_label\" class=\"frm_primary_label\">Email\n\t\t<span class=\"frm_required\" aria-hidden=\"true\">*<\/span>\n\t<\/label>\n\t<input type=\"email\" id=\"field_29yf4d\" name=\"item_meta[3]\" value=\"\"  data-reqmsg=\"Email no puede estar en blanco.\" aria-required=\"true\" data-invmsg=\"Please enter a valid email address\" aria-invalid=\"false\"  \/>\n\t\n\t\n<\/div>\n<div id=\"frm_field_8_container\" class=\"frm_form_field form-field  frm_required_field frm_inside_container\">\n\t<label for=\"field_950m3\" id=\"field_950m3_label\" class=\"frm_primary_label\">Tel\u00e9fono\n\t\t<span class=\"frm_required\" aria-hidden=\"true\">*<\/span>\n\t<\/label>\n\t<input type=\"tel\" id=\"field_950m3\" name=\"item_meta[8]\" value=\"\"  data-reqmsg=\"Tel\u00e9fono no puede estar en blanco.\" aria-required=\"true\" data-invmsg=\"Tel\u00e9fono no es v\u00e1lido\" aria-invalid=\"false\" pattern=\"((\\+\\d{1,3}(-|.| )?\\(?\\d\\)?(-| |.)?\\d{1,5})|(\\(?\\d{2,6}\\)?))(-|.| )?(\\d{3,4})(-|.| )?(\\d{4})(( x| ext)\\d{1,5}){0,1}$\"  \/>\n\t\n\t\n<\/div>\n<div id=\"frm_field_5_container\" class=\"frm_form_field form-field  frm_required_field frm_inside_container frm_full\">\n\t<label for=\"field_9jv0r1\" id=\"field_9jv0r1_label\" class=\"frm_primary_label\">Mensaje \/ Consulta\n\t\t<span class=\"frm_required\" aria-hidden=\"true\">*<\/span>\n\t<\/label>\n\t<textarea name=\"item_meta[5]\" id=\"field_9jv0r1\" rows=\"5\"  data-reqmsg=\"Mensaje \/ Consulta no puede estar en blanco.\" aria-required=\"true\" data-invmsg=\"Mensaje \/ Consulta no es v\u00e1lido\" aria-invalid=\"false\"  ><\/textarea>\n\t\n\t\n<\/div>\n<div id=\"frm_field_9_container\" class=\"frm_form_field form-field  frm_top_container frm_first frm_three_fourths vertical_radio\">\n\t<div  id=\"field_bwobc_label\" class=\"frm_primary_label\">\n\t\t<span class=\"frm_required\" aria-hidden=\"true\"><\/span>\n\t<\/div>\n\t<div class=\"frm_opt_container\" aria-labelledby=\"field_bwobc_label\" role=\"group\">\t\t<div class=\"frm_checkbox\" id=\"frm_checkbox_9-0\">\t\t\t<label  for=\"field_bwobc-0\">\n\t\t\t<input type=\"checkbox\" name=\"item_meta[9][]\" id=\"field_bwobc-0\" value=\"He le\u00eddo y aceptado las &lt;a href=&quot;#&quot;&gt; condiciones de privacidad.&lt;\/a&gt;\"  data-invmsg=\"Este campo no es v\u00e1lido\"   \/> He le\u00eddo y aceptado las <a href=\"#\"> condiciones de privacidad.<\/a><\/label><\/div>\n<\/div>\n\t\n\t\n<\/div>\n<div id=\"frm_field_6_container\" class=\"frm_form_field form-field  frm_fourth\">\n\t<div class=\"frm_submit frm_flex\">\n<button class=\"frm_button_submit\" type=\"submit\"  >Enviar<\/button>\n\n\n\n<\/div>\n<\/div>\n\t<input type=\"hidden\" name=\"item_key\" value=\"\" \/>\n\t\t\t<div id=\"frm_field_10_container\">\n\t\t\t<label for=\"field_87tvb\" >\n\t\t\t\tSi eres humano, deja este campo en blanco.\t\t\t<\/label>\n\t\t\t<input  id=\"field_87tvb\" type=\"text\" class=\"frm_form_field form-field frm_verify\" name=\"item_meta[10]\" value=\"\"  \/>\n\t\t<\/div>\n\t\t<input name=\"frm_state\" type=\"hidden\" value=\"d5dcTydm7HAhy2L+mFm9pb67qEp2Did+B3aY70tt8zY=\" \/><\/div>\n<\/fieldset>\n<\/div>\n\n<\/form>\n<\/div>\n<\/div>\n<\/div><\/div>\n\n\n\n<p><\/p>\n","protected":false},"excerpt":{"rendered":"<p>EXPERTOS EN carpinter\u00eda met\u00e1lica y automatismos Quienes somos Precisi\u00f3n en metal, inteligencia en automatizaci\u00f3n En RAFAEL PEREZ CASTRO, en La [&hellip;]<\/p>\n","protected":false},"author":1,"featured_media":0,"parent":0,"menu_order":0,"comment_status":"closed","ping_status":"closed","template":"","meta":{"_uag_custom_page_level_css":"","site-sidebar-layout":"default","site-content-layout":"","ast-site-content-layout":"default","site-content-style":"default","site-sidebar-style":"default","ast-global-header-display":"","ast-banner-title-visibility":"","ast-main-header-display":"","ast-hfb-above-header-display":"","ast-hfb-below-header-display":"","ast-hfb-mobile-header-display":"","site-post-title":"disabled","ast-breadcrumbs-content":"","ast-featured-img":"","footer-sml-layout":"","ast-disable-related-posts":"","theme-transparent-header-meta":"","adv-header-id-meta":"","stick-header-meta":"","header-above-stick-meta":"","header-main-stick-meta":"","header-below-stick-meta":"","astra-migrate-meta-layouts":"default","ast-page-background-enabled":"default","ast-page-background-meta":{"desktop":{"background-color":"var(--ast-global-color-5)","background-image":"","background-repeat":"repeat","background-position":"center center","background-size":"auto","background-attachment":"scroll","background-type":"","background-media":"","overlay-type":"","overlay-color":"","overlay-opacity":"","overlay-gradient":""},"tablet":{"background-color":"","background-image":"","background-repeat":"repeat","background-position":"center center","background-size":"auto","background-attachment":"scroll","background-type":"","background-media":"","overlay-type":"","overlay-color":"","overlay-opacity":"","overlay-gradient":""},"mobile":{"background-color":"","background-image":"","background-repeat":"repeat","background-position":"center center","background-size":"auto","background-attachment":"scroll","background-type":"","background-media":"","overlay-type":"","overlay-color":"","overlay-opacity":"","overlay-gradient":""}},"ast-content-background-meta":{"desktop":{"background-color":"var(--ast-global-color-4)","background-image":"","background-repeat":"repeat","background-position":"center center","background-size":"auto","background-attachment":"scroll","background-type":"","background-media":"","overlay-type":"","overlay-color":"","overlay-opacity":"","overlay-gradient":""},"tablet":{"background-color":"var(--ast-global-color-4)","background-image":"","background-repeat":"repeat","background-position":"center center","background-size":"auto","background-attachment":"scroll","background-type":"","background-media":"","overlay-type":"","overlay-color":"","overlay-opacity":"","overlay-gradient":""},"mobile":{"background-color":"var(--ast-global-color-4)","background-image":"","background-repeat":"repeat","background-position":"center center","background-size":"auto","background-attachment":"scroll","background-type":"","background-media":"","overlay-type":"","overlay-color":"","overlay-opacity":"","overlay-gradient":""}},"footnotes":""},"class_list":["post-11","page","type-page","status-publish","hentry"],"yoast_head":"<!-- This site is optimized with the Yoast SEO plugin v27.3 - https:\/\/yoast.com\/product\/yoast-seo-wordpress\/ -->\n<title>Inicio - REPARACIONES CASTRO<\/title>\n<meta name=\"robots\" content=\"noindex, follow, max-snippet:-1, max-image-preview:large, max-video-preview:-1\" \/>\n<meta property=\"og:locale\" content=\"es_ES\" \/>\n<meta property=\"og:type\" content=\"article\" \/>\n<meta property=\"og:title\" content=\"Inicio - REPARACIONES CASTRO\" \/>\n<meta property=\"og:description\" content=\"EXPERTOS EN carpinter\u00eda met\u00e1lica y automatismos Quienes somos Precisi\u00f3n en metal, inteligencia en automatizaci\u00f3n En RAFAEL PEREZ CASTRO, en La [&hellip;]\" \/>\n<meta property=\"og:url\" content=\"https:\/\/jobs.sephorconsulting.es\/reparaciones_castro\/\" \/>\n<meta property=\"og:site_name\" content=\"REPARACIONES CASTRO\" \/>\n<meta property=\"article:modified_time\" content=\"2026-04-06T11:28:45+00:00\" \/>\n<meta property=\"og:image\" content=\"https:\/\/jobs.sephorconsulting.es\/reparaciones_castro\/wp-content\/uploads\/2026\/04\/antorcha-de-soldadura.png\" \/>\n<meta name=\"twitter:card\" content=\"summary_large_image\" \/>\n<meta name=\"twitter:label1\" content=\"Tiempo de lectura\" \/>\n\t<meta name=\"twitter:data1\" content=\"2 minutos\" \/>\n<script type=\"application\/ld+json\" class=\"yoast-schema-graph\">{\"@context\":\"https:\\\/\\\/schema.org\",\"@graph\":[{\"@type\":\"WebPage\",\"@id\":\"https:\\\/\\\/jobs.sephorconsulting.es\\\/reparaciones_castro\\\/\",\"url\":\"https:\\\/\\\/jobs.sephorconsulting.es\\\/reparaciones_castro\\\/\",\"name\":\"Inicio - REPARACIONES CASTRO\",\"isPartOf\":{\"@id\":\"https:\\\/\\\/jobs.sephorconsulting.es\\\/reparaciones_castro\\\/#website\"},\"primaryImageOfPage\":{\"@id\":\"https:\\\/\\\/jobs.sephorconsulting.es\\\/reparaciones_castro\\\/#primaryimage\"},\"image\":{\"@id\":\"https:\\\/\\\/jobs.sephorconsulting.es\\\/reparaciones_castro\\\/#primaryimage\"},\"thumbnailUrl\":\"https:\\\/\\\/jobs.sephorconsulting.es\\\/reparaciones_castro\\\/wp-content\\\/uploads\\\/2026\\\/04\\\/antorcha-de-soldadura.png\",\"datePublished\":\"2026-04-06T10:23:03+00:00\",\"dateModified\":\"2026-04-06T11:28:45+00:00\",\"breadcrumb\":{\"@id\":\"https:\\\/\\\/jobs.sephorconsulting.es\\\/reparaciones_castro\\\/#breadcrumb\"},\"inLanguage\":\"es\",\"potentialAction\":[{\"@type\":\"ReadAction\",\"target\":[\"https:\\\/\\\/jobs.sephorconsulting.es\\\/reparaciones_castro\\\/\"]}]},{\"@type\":\"ImageObject\",\"inLanguage\":\"es\",\"@id\":\"https:\\\/\\\/jobs.sephorconsulting.es\\\/reparaciones_castro\\\/#primaryimage\",\"url\":\"https:\\\/\\\/jobs.sephorconsulting.es\\\/reparaciones_castro\\\/wp-content\\\/uploads\\\/2026\\\/04\\\/antorcha-de-soldadura.png\",\"contentUrl\":\"https:\\\/\\\/jobs.sephorconsulting.es\\\/reparaciones_castro\\\/wp-content\\\/uploads\\\/2026\\\/04\\\/antorcha-de-soldadura.png\",\"width\":128,\"height\":128},{\"@type\":\"BreadcrumbList\",\"@id\":\"https:\\\/\\\/jobs.sephorconsulting.es\\\/reparaciones_castro\\\/#breadcrumb\",\"itemListElement\":[{\"@type\":\"ListItem\",\"position\":1,\"name\":\"Portada\",\"item\":\"https:\\\/\\\/jobs.sephorconsulting.es\\\/reparaciones_castro\\\/\"},{\"@type\":\"ListItem\",\"position\":2,\"name\":\"Inicio\"}]},{\"@type\":\"WebSite\",\"@id\":\"https:\\\/\\\/jobs.sephorconsulting.es\\\/reparaciones_castro\\\/#website\",\"url\":\"https:\\\/\\\/jobs.sephorconsulting.es\\\/reparaciones_castro\\\/\",\"name\":\"REPARACIONES CASTRO\",\"description\":\"CARPINTER\u00cdA MET\u00c1LICA Y AUTOMATISMOS\",\"potentialAction\":[{\"@type\":\"SearchAction\",\"target\":{\"@type\":\"EntryPoint\",\"urlTemplate\":\"https:\\\/\\\/jobs.sephorconsulting.es\\\/reparaciones_castro\\\/?s={search_term_string}\"},\"query-input\":{\"@type\":\"PropertyValueSpecification\",\"valueRequired\":true,\"valueName\":\"search_term_string\"}}],\"inLanguage\":\"es\"}]}<\/script>\n<!-- \/ Yoast SEO plugin. -->","yoast_head_json":{"title":"Inicio - REPARACIONES CASTRO","robots":{"index":"noindex","follow":"follow","max-snippet":"max-snippet:-1","max-image-preview":"max-image-preview:large","max-video-preview":"max-video-preview:-1"},"og_locale":"es_ES","og_type":"article","og_title":"Inicio - REPARACIONES CASTRO","og_description":"EXPERTOS EN carpinter\u00eda met\u00e1lica y automatismos Quienes somos Precisi\u00f3n en metal, inteligencia en automatizaci\u00f3n En RAFAEL PEREZ CASTRO, en La [&hellip;]","og_url":"https:\/\/jobs.sephorconsulting.es\/reparaciones_castro\/","og_site_name":"REPARACIONES CASTRO","article_modified_time":"2026-04-06T11:28:45+00:00","og_image":[{"url":"https:\/\/jobs.sephorconsulting.es\/reparaciones_castro\/wp-content\/uploads\/2026\/04\/antorcha-de-soldadura.png","type":"","width":"","height":""}],"twitter_card":"summary_large_image","twitter_misc":{"Tiempo de lectura":"2 minutos"},"schema":{"@context":"https:\/\/schema.org","@graph":[{"@type":"WebPage","@id":"https:\/\/jobs.sephorconsulting.es\/reparaciones_castro\/","url":"https:\/\/jobs.sephorconsulting.es\/reparaciones_castro\/","name":"Inicio - REPARACIONES CASTRO","isPartOf":{"@id":"https:\/\/jobs.sephorconsulting.es\/reparaciones_castro\/#website"},"primaryImageOfPage":{"@id":"https:\/\/jobs.sephorconsulting.es\/reparaciones_castro\/#primaryimage"},"image":{"@id":"https:\/\/jobs.sephorconsulting.es\/reparaciones_castro\/#primaryimage"},"thumbnailUrl":"https:\/\/jobs.sephorconsulting.es\/reparaciones_castro\/wp-content\/uploads\/2026\/04\/antorcha-de-soldadura.png","datePublished":"2026-04-06T10:23:03+00:00","dateModified":"2026-04-06T11:28:45+00:00","breadcrumb":{"@id":"https:\/\/jobs.sephorconsulting.es\/reparaciones_castro\/#breadcrumb"},"inLanguage":"es","potentialAction":[{"@type":"ReadAction","target":["https:\/\/jobs.sephorconsulting.es\/reparaciones_castro\/"]}]},{"@type":"ImageObject","inLanguage":"es","@id":"https:\/\/jobs.sephorconsulting.es\/reparaciones_castro\/#primaryimage","url":"https:\/\/jobs.sephorconsulting.es\/reparaciones_castro\/wp-content\/uploads\/2026\/04\/antorcha-de-soldadura.png","contentUrl":"https:\/\/jobs.sephorconsulting.es\/reparaciones_castro\/wp-content\/uploads\/2026\/04\/antorcha-de-soldadura.png","width":128,"height":128},{"@type":"BreadcrumbList","@id":"https:\/\/jobs.sephorconsulting.es\/reparaciones_castro\/#breadcrumb","itemListElement":[{"@type":"ListItem","position":1,"name":"Portada","item":"https:\/\/jobs.sephorconsulting.es\/reparaciones_castro\/"},{"@type":"ListItem","position":2,"name":"Inicio"}]},{"@type":"WebSite","@id":"https:\/\/jobs.sephorconsulting.es\/reparaciones_castro\/#website","url":"https:\/\/jobs.sephorconsulting.es\/reparaciones_castro\/","name":"REPARACIONES CASTRO","description":"CARPINTER\u00cdA MET\u00c1LICA Y AUTOMATISMOS","potentialAction":[{"@type":"SearchAction","target":{"@type":"EntryPoint","urlTemplate":"https:\/\/jobs.sephorconsulting.es\/reparaciones_castro\/?s={search_term_string}"},"query-input":{"@type":"PropertyValueSpecification","valueRequired":true,"valueName":"search_term_string"}}],"inLanguage":"es"}]}},"uagb_featured_image_src":{"full":false,"thumbnail":false,"medium":false,"medium_large":false,"large":false,"1536x1536":false,"2048x2048":false},"uagb_author_info":{"display_name":"admin","author_link":"https:\/\/jobs.sephorconsulting.es\/reparaciones_castro\/author\/desarrollosephor\/"},"uagb_comment_info":0,"uagb_excerpt":"EXPERTOS EN carpinter\u00eda met\u00e1lica y automatismos Quienes somos Precisi\u00f3n en metal, inteligencia en automatizaci\u00f3n En RAFAEL PEREZ CASTRO, en La [&hellip;]","_links":{"self":[{"href":"https:\/\/jobs.sephorconsulting.es\/reparaciones_castro\/wp-json\/wp\/v2\/pages\/11","targetHints":{"allow":["GET"]}}],"collection":[{"href":"https:\/\/jobs.sephorconsulting.es\/reparaciones_castro\/wp-json\/wp\/v2\/pages"}],"about":[{"href":"https:\/\/jobs.sephorconsulting.es\/reparaciones_castro\/wp-json\/wp\/v2\/types\/page"}],"author":[{"embeddable":true,"href":"https:\/\/jobs.sephorconsulting.es\/reparaciones_castro\/wp-json\/wp\/v2\/users\/1"}],"replies":[{"embeddable":true,"href":"https:\/\/jobs.sephorconsulting.es\/reparaciones_castro\/wp-json\/wp\/v2\/comments?post=11"}],"version-history":[{"count":14,"href":"https:\/\/jobs.sephorconsulting.es\/reparaciones_castro\/wp-json\/wp\/v2\/pages\/11\/revisions"}],"predecessor-version":[{"id":79,"href":"https:\/\/jobs.sephorconsulting.es\/reparaciones_castro\/wp-json\/wp\/v2\/pages\/11\/revisions\/79"}],"wp:attachment":[{"href":"https:\/\/jobs.sephorconsulting.es\/reparaciones_castro\/wp-json\/wp\/v2\/media?parent=11"}],"curies":[{"name":"wp","href":"https:\/\/api.w.org\/{rel}","templated":true}]}}