{"id":36,"date":"2026-04-08T11:54:23","date_gmt":"2026-04-08T11:54:23","guid":{"rendered":"https:\/\/jobs.sephorconsulting.es\/Aranzazut\/?page_id=36"},"modified":"2026-04-16T12:11:31","modified_gmt":"2026-04-16T12:11:31","slug":"cursos","status":"publish","type":"page","link":"https:\/\/jobs.sephorconsulting.es\/Aranzazut\/index.php\/cursos\/","title":{"rendered":"Cursos"},"content":{"rendered":"\n<div class=\"wp-block-uagb-container uagb-block-4c2fe9af alignfull uagb-is-root-container\"><div class=\"uagb-container-inner-blocks-wrap\">\n<div class=\"wp-block-uagb-advanced-heading uagb-block-17963198\"><h1 class=\"uagb-heading-text\">Talleres de arte<\/h1><p class=\"uagb-desc-text\">en Daroca y Zaragoza<\/p><\/div>\n<\/div><\/div>\n\n\n\n<div class=\"wp-block-uagb-container uagb-block-ed31c5a5 alignfull uagb-is-root-container\"><div class=\"uagb-container-inner-blocks-wrap\">\n<p class=\"has-text-align-center\">Ofrecemos talleres dirigidos a particulares, centros educativos, asociaciones e instituciones, dise\u00f1ados para adaptarse a diferentes edades, niveles y objetivos. Nuestro enfoque combina t\u00e9cnica, creatividad y acompa\u00f1amiento, generando experiencias art\u00edsticas donde cada persona puede desarrollar su propio proceso<\/p>\n<\/div><\/div>\n\n\n\n<div class=\"wp-block-uagb-container uagb-block-ee09c93c alignfull uagb-is-root-container\"><div class=\"uagb-container-inner-blocks-wrap\">\n<div class=\"wp-block-uagb-advanced-heading uagb-block-d2ac5ea9\"><h2 class=\"uagb-heading-text\">Nuestros talleres<\/h2><\/div>\n<\/div><\/div>\n\n\n\n<div class=\"wp-block-uagb-container uagb-block-3a8df859 alignfull uagb-is-root-container\"><div class=\"uagb-container-inner-blocks-wrap\">\n<div class=\"wp-block-uagb-container uagb-block-a55afb53\">\n<div class=\"wp-block-uagb-advanced-heading uagb-block-690f3b4c\"><h3 class=\"uagb-heading-text\">Talleres de cer\u00e1mica<\/h3><\/div>\n\n\n\n<p class=\"has-text-align-center has-ast-global-color-5-color has-text-color has-link-color wp-elements-660dfa3d4778d1f7e4003675fc9e97b8\">Descubre el arte de crear con tus manos<\/p>\n\n\n\n<div class=\"wp-block-uagb-buttons uagb-buttons__outer-wrap uagb-btn__default-btn uagb-btn-tablet__default-btn uagb-btn-mobile__default-btn uagb-block-325d19f2\"><div class=\"uagb-buttons__wrap uagb-buttons-layout-wrap \">\n<div class=\"wp-block-uagb-buttons-child uagb-buttons__outer-wrap uagb-block-bc6ec221 wp-block-button\"><div class=\"uagb-button__wrapper\"><a class=\"uagb-buttons-repeater wp-block-button__link\" aria-label=\"\" href=\"#\" rel=\"follow noopener\" target=\"_self\" role=\"button\"><div class=\"uagb-button__link\">ver m\u00e1s<\/div><\/a><\/div><\/div>\n<\/div><\/div>\n<\/div>\n\n\n\n<div class=\"wp-block-uagb-container uagb-block-68a53c90\">\n<div class=\"wp-block-uagb-advanced-heading uagb-block-10d5a9a1\"><h3 class=\"uagb-heading-text\">Talleres de dibujo y pintura<\/h3><\/div>\n\n\n\n<p class=\"has-text-align-center has-ast-global-color-5-color has-text-color has-link-color wp-elements-e62b0e2c3816afe42cefe1168805aee1\">Aprende y explora el lenguaje del dibujo y la pintura.<\/p>\n\n\n\n<div class=\"wp-block-uagb-buttons uagb-buttons__outer-wrap uagb-btn__default-btn uagb-btn-tablet__default-btn uagb-btn-mobile__default-btn uagb-block-532b6545\"><div class=\"uagb-buttons__wrap uagb-buttons-layout-wrap \">\n<div class=\"wp-block-uagb-buttons-child uagb-buttons__outer-wrap uagb-block-8fef122f wp-block-button\"><div class=\"uagb-button__wrapper\"><a class=\"uagb-buttons-repeater wp-block-button__link\" aria-label=\"\" href=\"#\" rel=\"follow noopener\" target=\"_self\" role=\"button\"><div class=\"uagb-button__link\">ver m\u00e1s<\/div><\/a><\/div><\/div>\n<\/div><\/div>\n<\/div>\n\n\n\n<div class=\"wp-block-uagb-container uagb-block-30059d84\">\n<div class=\"wp-block-uagb-advanced-heading uagb-block-fd224460\"><h3 class=\"uagb-heading-text\">Arte-Terapia<\/h3><\/div>\n\n\n\n<p class=\"has-text-align-center has-ast-global-color-5-color has-text-color has-link-color wp-elements-d759412a141aae1661f58936c66a6c1d\">Generamos espacios de expresi\u00f3n, participaci\u00f3n y bienestar<\/p>\n\n\n\n<div class=\"wp-block-uagb-buttons uagb-buttons__outer-wrap uagb-btn__default-btn uagb-btn-tablet__default-btn uagb-btn-mobile__default-btn uagb-block-f5a16399\"><div class=\"uagb-buttons__wrap uagb-buttons-layout-wrap \">\n<div class=\"wp-block-uagb-buttons-child uagb-buttons__outer-wrap uagb-block-d3cb2a3b wp-block-button\"><div class=\"uagb-button__wrapper\"><a class=\"uagb-buttons-repeater wp-block-button__link\" aria-label=\"\" href=\"#\" rel=\"follow noopener\" target=\"_self\" role=\"button\"><div class=\"uagb-button__link\">ver m\u00e1s<\/div><\/a><\/div><\/div>\n<\/div><\/div>\n<\/div>\n<\/div><\/div>\n\n\n\n<div class=\"wp-block-uagb-container uagb-block-12c0e546 alignfull uagb-is-root-container\"><div class=\"uagb-container-inner-blocks-wrap\">\n<div class=\"wp-block-uagb-advanced-heading uagb-block-9e7325ff\"><h2 class=\"uagb-heading-text\">As\u00ed se viven nuestros talleres<\/h2><p class=\"uagb-desc-text\">Cada taller es una experiencia \u00fanica donde el proceso creativo, el aprendizaje y el disfrute van de la mano. Aqu\u00ed puedes ver algunos momentos reales de nuestras actividades.<\/p><\/div>\n<\/div><\/div>\n\n\n\n<div class=\"wp-block-uagb-container uagb-block-26d3e519 alignfull uagb-is-root-container\"><div class=\"uagb-container-inner-blocks-wrap\">\n<div class=\"wp-block-uagb-container uagb-block-64e9924a\">\n<div class=\"wp-block-uagb-image uagb-block-94816d90 wp-block-uagb-image--layout-default wp-block-uagb-image--effect-static wp-block-uagb-image--align-none\"><figure class=\"wp-block-uagb-image__figure\"><img decoding=\"async\" srcset=\"https:\/\/jobs.sephorconsulting.es\/Aranzazut\/wp-content\/uploads\/2026\/04\/El-Taller-3-1.png ,https:\/\/jobs.sephorconsulting.es\/Aranzazut\/wp-content\/uploads\/2026\/04\/El-Taller-3-1.png 780w, https:\/\/jobs.sephorconsulting.es\/Aranzazut\/wp-content\/uploads\/2026\/04\/El-Taller-3-1.png 360w\" sizes=\"auto, (max-width: 480px) 150px\" src=\"https:\/\/jobs.sephorconsulting.es\/Aranzazut\/wp-content\/uploads\/2026\/04\/El-Taller-3-1.png\" alt=\"\" class=\"uag-image-118\" width=\"984\" height=\"967\" title=\"El Taller (3) (1)\" loading=\"lazy\" role=\"img\"\/><\/figure><\/div>\n<\/div>\n\n\n\n<div class=\"wp-block-uagb-container uagb-block-1e10ebed\">\n<div class=\"wp-block-uagb-image uagb-block-fa706a98 wp-block-uagb-image--layout-default wp-block-uagb-image--effect-static wp-block-uagb-image--align-none\"><figure class=\"wp-block-uagb-image__figure\"><img decoding=\"async\" srcset=\"https:\/\/jobs.sephorconsulting.es\/Aranzazut\/wp-content\/uploads\/2026\/04\/El-Taller-4-1.png ,https:\/\/jobs.sephorconsulting.es\/Aranzazut\/wp-content\/uploads\/2026\/04\/El-Taller-4-1.png 780w, https:\/\/jobs.sephorconsulting.es\/Aranzazut\/wp-content\/uploads\/2026\/04\/El-Taller-4-1.png 360w\" sizes=\"auto, (max-width: 480px) 150px\" src=\"https:\/\/jobs.sephorconsulting.es\/Aranzazut\/wp-content\/uploads\/2026\/04\/El-Taller-4-1.png\" alt=\"\" class=\"uag-image-120\" width=\"984\" height=\"967\" title=\"El Taller (4) (1)\" loading=\"lazy\" role=\"img\"\/><\/figure><\/div>\n<\/div>\n<\/div><\/div>\n\n\n\n<div class=\"wp-block-uagb-container uagb-block-a3cea29d alignfull uagb-is-root-container\"><div class=\"uagb-container-inner-blocks-wrap\">\n<div class=\"wp-block-uagb-container uagb-block-553c1a1b\">\n<div class=\"wp-block-uagb-image uagb-block-d7240f3f wp-block-uagb-image--layout-default wp-block-uagb-image--effect-static wp-block-uagb-image--align-none\"><figure class=\"wp-block-uagb-image__figure\"><img decoding=\"async\" srcset=\"https:\/\/jobs.sephorconsulting.es\/Aranzazut\/wp-content\/uploads\/2026\/04\/El-Taller-5-1.png ,https:\/\/jobs.sephorconsulting.es\/Aranzazut\/wp-content\/uploads\/2026\/04\/El-Taller-5-1.png 780w, https:\/\/jobs.sephorconsulting.es\/Aranzazut\/wp-content\/uploads\/2026\/04\/El-Taller-5-1.png 360w\" sizes=\"auto, (max-width: 480px) 150px\" src=\"https:\/\/jobs.sephorconsulting.es\/Aranzazut\/wp-content\/uploads\/2026\/04\/El-Taller-5-1.png\" alt=\"\" class=\"uag-image-121\" width=\"752\" height=\"357\" title=\"El Taller (5) (1)\" loading=\"lazy\" role=\"img\"\/><\/figure><\/div>\n<\/div>\n\n\n\n<div class=\"wp-block-uagb-container uagb-block-039288ab\">\n<div class=\"wp-block-uagb-image uagb-block-a2f4e0f7 wp-block-uagb-image--layout-default wp-block-uagb-image--effect-static wp-block-uagb-image--align-none\"><figure class=\"wp-block-uagb-image__figure\"><img decoding=\"async\" srcset=\"https:\/\/jobs.sephorconsulting.es\/Aranzazut\/wp-content\/uploads\/2026\/04\/El-Taller-6-1.png ,https:\/\/jobs.sephorconsulting.es\/Aranzazut\/wp-content\/uploads\/2026\/04\/El-Taller-6-1.png 780w, https:\/\/jobs.sephorconsulting.es\/Aranzazut\/wp-content\/uploads\/2026\/04\/El-Taller-6-1.png 360w\" sizes=\"auto, (max-width: 480px) 150px\" src=\"https:\/\/jobs.sephorconsulting.es\/Aranzazut\/wp-content\/uploads\/2026\/04\/El-Taller-6-1.png\" alt=\"\" class=\"uag-image-122\" width=\"767\" height=\"358\" title=\"El Taller (6) (1)\" loading=\"lazy\" role=\"img\"\/><\/figure><\/div>\n<\/div>\n<\/div><\/div>\n\n\n\n<div class=\"wp-block-uagb-container uagb-block-3b6e9530 alignfull uagb-is-root-container\"><div class=\"uagb-container-inner-blocks-wrap\">\n<div class=\"wp-block-uagb-advanced-heading uagb-block-bb089f25\"><h2 class=\"uagb-heading-text\">\u00bfQu\u00e9 dicen nuestros alumnos?<\/h2><\/div>\n\n\n\n<div class=\"wp-block-uagb-testimonial uagb-slick-carousel uagb-tm__arrow-outside uagb-block-74f10f7c\"><div class=\"is-carousel uagb-tm__columns-1 uagb-tm__items\"><div class=\"uagb-testimonial__wrap  uagb-tm__imgicon-style-circle uagb-tm__image-position-bottom uagb-tm__bg-type-none \"><div class=\"uagb-tm__content\"><div class=\"uagb-tm__overlay\"><\/div><div class=\"uagb-tm__text-wrap\"><div class=\"uagb-tm__desc\">I have been working with these guys for years now! With lots of hard work and timely communication, they made sure they delivered the best to me. Highly recommended!<\/div><div class=\"uagb-tm__meta-inner\"><div class=\"uagb-testimonial-details\"><span class=\"uagb-tm__author-name\">John Doe <\/span><span class=\"uagb-tm__company\">Company Name<\/span><\/div><\/div><\/div><\/div><\/div><div class=\"uagb-testimonial__wrap  uagb-tm__imgicon-style-circle uagb-tm__image-position-bottom uagb-tm__bg-type-none \"><div class=\"uagb-tm__content\"><div class=\"uagb-tm__overlay\"><\/div><div class=\"uagb-tm__text-wrap\"><div class=\"uagb-tm__desc\">I have been working with these guys for years now! With lots of hard work and timely communication, they made sure they delivered the best to me. Highly recommended!<\/div><div class=\"uagb-tm__meta-inner\"><div class=\"uagb-testimonial-details\"><span class=\"uagb-tm__author-name\">John Doe <\/span><span class=\"uagb-tm__company\">Company Name<\/span><\/div><\/div><\/div><\/div><\/div><div class=\"uagb-testimonial__wrap  uagb-tm__imgicon-style-circle uagb-tm__image-position-bottom uagb-tm__bg-type-none \"><div class=\"uagb-tm__content\"><div class=\"uagb-tm__overlay\"><\/div><div class=\"uagb-tm__text-wrap\"><div class=\"uagb-tm__desc\">I have been working with these guys for years now! With lots of hard work and timely communication, they made sure they delivered the best to me. Highly recommended!<\/div><div class=\"uagb-tm__meta-inner\"><div class=\"uagb-testimonial-details\"><span class=\"uagb-tm__author-name\">John Doe <\/span><span class=\"uagb-tm__company\">Company Name<\/span><\/div><\/div><\/div><\/div><\/div><\/div><\/div>\n<\/div><\/div>\n","protected":false},"excerpt":{"rendered":"<p>Talleres de arte en Daroca y Zaragoza Ofrecemos talleres dirigidos a particulares, centros educativos, asociaciones e instituciones, dise\u00f1ados para adaptarse [&hellip;]<\/p>\n","protected":false},"author":1,"featured_media":0,"parent":0,"menu_order":0,"comment_status":"closed","ping_status":"closed","template":"","meta":{"_uag_custom_page_level_css":"","site-sidebar-layout":"default","site-content-layout":"","ast-site-content-layout":"default","site-content-style":"default","site-sidebar-style":"default","ast-global-header-display":"","ast-banner-title-visibility":"","ast-main-header-display":"","ast-hfb-above-header-display":"","ast-hfb-below-header-display":"","ast-hfb-mobile-header-display":"","site-post-title":"disabled","ast-breadcrumbs-content":"","ast-featured-img":"","footer-sml-layout":"","ast-disable-related-posts":"","theme-transparent-header-meta":"","adv-header-id-meta":"","stick-header-meta":"","header-above-stick-meta":"","header-main-stick-meta":"","header-below-stick-meta":"","astra-migrate-meta-layouts":"default","ast-page-background-enabled":"default","ast-page-background-meta":{"desktop":{"background-color":"var(--ast-global-color-5)","background-image":"","background-repeat":"repeat","background-position":"center center","background-size":"auto","background-attachment":"scroll","background-type":"","background-media":"","overlay-type":"","overlay-color":"","overlay-opacity":"","overlay-gradient":""},"tablet":{"background-color":"","background-image":"","background-repeat":"repeat","background-position":"center center","background-size":"auto","background-attachment":"scroll","background-type":"","background-media":"","overlay-type":"","overlay-color":"","overlay-opacity":"","overlay-gradient":""},"mobile":{"background-color":"","background-image":"","background-repeat":"repeat","background-position":"center center","background-size":"auto","background-attachment":"scroll","background-type":"","background-media":"","overlay-type":"","overlay-color":"","overlay-opacity":"","overlay-gradient":""}},"ast-content-background-meta":{"desktop":{"background-color":"var(--ast-global-color-4)","background-image":"","background-repeat":"repeat","background-position":"center center","background-size":"auto","background-attachment":"scroll","background-type":"","background-media":"","overlay-type":"","overlay-color":"","overlay-opacity":"","overlay-gradient":""},"tablet":{"background-color":"var(--ast-global-color-4)","background-image":"","background-repeat":"repeat","background-position":"center center","background-size":"auto","background-attachment":"scroll","background-type":"","background-media":"","overlay-type":"","overlay-color":"","overlay-opacity":"","overlay-gradient":""},"mobile":{"background-color":"var(--ast-global-color-4)","background-image":"","background-repeat":"repeat","background-position":"center center","background-size":"auto","background-attachment":"scroll","background-type":"","background-media":"","overlay-type":"","overlay-color":"","overlay-opacity":"","overlay-gradient":""}},"footnotes":""},"class_list":["post-36","page","type-page","status-publish","hentry"],"uagb_featured_image_src":{"full":false,"thumbnail":false,"medium":false,"medium_large":false,"large":false,"1536x1536":false,"2048x2048":false},"uagb_author_info":{"display_name":"admin","author_link":"https:\/\/jobs.sephorconsulting.es\/Aranzazut\/index.php\/author\/desarrollosephor\/"},"uagb_comment_info":0,"uagb_excerpt":"Talleres de arte en Daroca y Zaragoza Ofrecemos talleres dirigidos a particulares, centros educativos, asociaciones e instituciones, dise\u00f1ados para adaptarse [&hellip;]","_links":{"self":[{"href":"https:\/\/jobs.sephorconsulting.es\/Aranzazut\/index.php\/wp-json\/wp\/v2\/pages\/36","targetHints":{"allow":["GET"]}}],"collection":[{"href":"https:\/\/jobs.sephorconsulting.es\/Aranzazut\/index.php\/wp-json\/wp\/v2\/pages"}],"about":[{"href":"https:\/\/jobs.sephorconsulting.es\/Aranzazut\/index.php\/wp-json\/wp\/v2\/types\/page"}],"author":[{"embeddable":true,"href":"https:\/\/jobs.sephorconsulting.es\/Aranzazut\/index.php\/wp-json\/wp\/v2\/users\/1"}],"replies":[{"embeddable":true,"href":"https:\/\/jobs.sephorconsulting.es\/Aranzazut\/index.php\/wp-json\/wp\/v2\/comments?post=36"}],"version-history":[{"count":9,"href":"https:\/\/jobs.sephorconsulting.es\/Aranzazut\/index.php\/wp-json\/wp\/v2\/pages\/36\/revisions"}],"predecessor-version":[{"id":125,"href":"https:\/\/jobs.sephorconsulting.es\/Aranzazut\/index.php\/wp-json\/wp\/v2\/pages\/36\/revisions\/125"}],"wp:attachment":[{"href":"https:\/\/jobs.sephorconsulting.es\/Aranzazut\/index.php\/wp-json\/wp\/v2\/media?parent=36"}],"curies":[{"name":"wp","href":"https:\/\/api.w.org\/{rel}","templated":true}]}}