{"id":126,"date":"2026-04-16T12:13:41","date_gmt":"2026-04-16T12:13:41","guid":{"rendered":"https:\/\/jobs.sephorconsulting.es\/Aranzazut\/?page_id=126"},"modified":"2026-04-17T12:25:20","modified_gmt":"2026-04-17T12:25:20","slug":"taller-ceramica","status":"publish","type":"page","link":"https:\/\/jobs.sephorconsulting.es\/Aranzazut\/index.php\/cursos\/taller-ceramica\/","title":{"rendered":"Taller ceramica"},"content":{"rendered":"\n<div class=\"wp-block-uagb-container uagb-block-4a01d0ef alignfull uagb-is-root-container\"><div class=\"uagb-container-inner-blocks-wrap\">\n<div class=\"wp-block-uagb-advanced-heading uagb-block-15c08316\"><h1 class=\"uagb-heading-text\">Talleres de cer\u00e1mica y modelado<\/h1><p class=\"uagb-desc-text\">Descubre el arte de crear con tus manos<\/p><\/div>\n<\/div><\/div>\n\n\n\n<div class=\"wp-block-uagb-container uagb-block-7ead8f0b alignfull uagb-is-root-container\"><div class=\"uagb-container-inner-blocks-wrap\">\n<p class=\"has-text-align-center\">La cer\u00e1mica es un proceso creativo donde la arcilla se transforma en piezas \u00fanicas. En nuestros talleres aprender\u00e1s t\u00e9cnicas de modelado, decoraci\u00f3n y esmaltado en un ambiente cercano, creativo y sin prisas.<\/p>\n\n\n\n<p class=\"has-text-align-center\">No necesitas experiencia previa, solo ganas de experimentar, aprender y disfrutar del proceso.<\/p>\n<\/div><\/div>\n\n\n\n<div class=\"wp-block-uagb-container uagb-block-66f76a80 alignfull uagb-is-root-container\"><div class=\"uagb-container-inner-blocks-wrap\">\n<div class=\"wp-block-uagb-container uagb-block-27ea6682\">\n<div class=\"wp-block-uagb-advanced-heading uagb-block-d425e27a\"><h2 class=\"uagb-heading-text\">Un espacio para crear, experimentar y desconectar<\/h2><\/div>\n\n\n\n<p>Trabajamos la cer\u00e1mica desde un enfoque cercano y personalizado, acompa\u00f1ando a cada persona en su proceso creativo. M\u00e1s all\u00e1 de la t\u00e9cnica, buscamos generar un espacio donde poder explorar, relajarse y disfrutar creando con las manos.<\/p>\n\n\n\n<p>Cada alumno avanza a su ritmo, desarrollando sus propias piezas y descubriendo nuevas formas de expresi\u00f3n.<\/p>\n\n\n\n<div class=\"wp-block-uagb-buttons uagb-buttons__outer-wrap uagb-btn__default-btn uagb-btn-tablet__default-btn uagb-btn-mobile__default-btn uagb-block-fc92abb7\"><div class=\"uagb-buttons__wrap uagb-buttons-layout-wrap \">\n<div class=\"wp-block-uagb-buttons-child uagb-buttons__outer-wrap uagb-block-58a08ac7 wp-block-button\"><div class=\"uagb-button__wrapper\"><a class=\"uagb-buttons-repeater wp-block-button__link\" aria-label=\"\" href=\"#\" rel=\"follow noopener\" target=\"_self\" role=\"button\"><div class=\"uagb-button__link\">quiero apuntarme<\/div><\/a><\/div><\/div>\n<\/div><\/div>\n<\/div>\n\n\n\n<div class=\"wp-block-uagb-container uagb-block-771e4e82\">\n<div class=\"wp-block-uagb-image uagb-block-9c3bf063 wp-block-uagb-image--layout-default wp-block-uagb-image--effect-static wp-block-uagb-image--align-none\"><figure class=\"wp-block-uagb-image__figure\"><img decoding=\"async\" srcset=\"https:\/\/jobs.sephorconsulting.es\/Aranzazut\/wp-content\/uploads\/2026\/04\/Taller-ceramica-2-1.png ,https:\/\/jobs.sephorconsulting.es\/Aranzazut\/wp-content\/uploads\/2026\/04\/Taller-ceramica-2-1.png 780w, https:\/\/jobs.sephorconsulting.es\/Aranzazut\/wp-content\/uploads\/2026\/04\/Taller-ceramica-2-1.png 360w\" sizes=\"auto, (max-width: 480px) 150px\" src=\"https:\/\/jobs.sephorconsulting.es\/Aranzazut\/wp-content\/uploads\/2026\/04\/Taller-ceramica-2-1.png\" alt=\"\" class=\"uag-image-140\" width=\"776\" height=\"923\" title=\"Taller cer\u00e1mica (2) (1)\" loading=\"lazy\" role=\"img\"\/><\/figure><\/div>\n<\/div>\n<\/div><\/div>\n\n\n\n<div class=\"wp-block-uagb-container uagb-block-987c3f3f alignfull uagb-is-root-container\"><div class=\"uagb-container-inner-blocks-wrap\">\n<div class=\"wp-block-uagb-container uagb-block-c8d42c1a\">\n<div class=\"wp-block-uagb-image uagb-block-8083fe34 wp-block-uagb-image--layout-default wp-block-uagb-image--effect-static wp-block-uagb-image--align-none\"><figure class=\"wp-block-uagb-image__figure\"><img decoding=\"async\" srcset=\"https:\/\/jobs.sephorconsulting.es\/Aranzazut\/wp-content\/uploads\/2026\/04\/Taller-ceramica-3-1.png ,https:\/\/jobs.sephorconsulting.es\/Aranzazut\/wp-content\/uploads\/2026\/04\/Taller-ceramica-3-1.png 780w, https:\/\/jobs.sephorconsulting.es\/Aranzazut\/wp-content\/uploads\/2026\/04\/Taller-ceramica-3-1.png 360w\" sizes=\"auto, (max-width: 480px) 150px\" src=\"https:\/\/jobs.sephorconsulting.es\/Aranzazut\/wp-content\/uploads\/2026\/04\/Taller-ceramica-3-1.png\" alt=\"\" class=\"uag-image-146\" width=\"843\" height=\"845\" title=\"Taller cer\u00e1mica (3) (1)\" loading=\"lazy\" role=\"img\"\/><\/figure><\/div>\n<\/div>\n\n\n\n<div class=\"wp-block-uagb-container uagb-block-23abf33c\">\n<div class=\"wp-block-uagb-advanced-heading uagb-block-a5f44eb2\"><h2 class=\"uagb-heading-text\">Curso semanal de cer\u00e1mica<\/h2><\/div>\n\n\n\n<p class=\"has-ast-global-color-5-color has-text-color has-link-color wp-elements-6ffdbaabf00a20b7f535bd5f4dd95114\">Clases de una hora y media, una vez a la semana, donde acompa\u00f1amos al alumno durante todo el proceso creativo.<\/p>\n\n\n\n<p class=\"has-ast-global-color-5-color has-text-color has-link-color wp-elements-dc9ddaa01d23a44b2e4d7aba29b7f439\" style=\"margin-top:0;margin-bottom:0;padding-top:0;padding-bottom:0\"><strong>\u00bfQu\u00e9 aprender\u00e1s?<\/strong><\/p>\n\n\n\n<ul class=\"wp-block-list has-ast-global-color-5-color has-text-color has-link-color wp-elements-b3ec4f9636340c85406e3da261632df2\">\n<li>T\u00e9cnicas de modelado manual<\/li>\n\n\n\n<li>Texturas y decoraci\u00f3n<\/li>\n\n\n\n<li>Esmaltado de piezas<\/li>\n\n\n\n<li>Desarrollo de proyectos personales<\/li>\n<\/ul>\n\n\n\n<p class=\"has-ast-global-color-5-color has-text-color has-link-color wp-elements-3a03d3a2997933ed60784ade5e3b50e4\">Las clases se adaptan al nivel de cada persona, permitiendo avanzar de forma progresiva y sin presi\u00f3n.<\/p>\n\n\n\n<div class=\"wp-block-uagb-buttons uagb-buttons__outer-wrap uagb-btn__default-btn uagb-btn-tablet__default-btn uagb-btn-mobile__default-btn uagb-block-238b1e15\"><div class=\"uagb-buttons__wrap uagb-buttons-layout-wrap \">\n<div class=\"wp-block-uagb-buttons-child uagb-buttons__outer-wrap uagb-block-26160a9b wp-block-button\"><div class=\"uagb-button__wrapper\"><a class=\"uagb-buttons-repeater wp-block-button__link\" aria-label=\"\" href=\"#\" rel=\"follow noopener\" target=\"_self\" role=\"button\"><div class=\"uagb-button__link\">consultar disponibilidad<\/div><\/a><\/div><\/div>\n<\/div><\/div>\n<\/div>\n<\/div><\/div>\n\n\n\n<div class=\"wp-block-uagb-container uagb-block-425e237a alignfull uagb-is-root-container\"><div class=\"uagb-container-inner-blocks-wrap\">\n<div class=\"wp-block-uagb-container uagb-block-dc2ddd3e\">\n<div class=\"wp-block-uagb-advanced-heading uagb-block-c3fa4dd3\"><h2 class=\"uagb-heading-text\">Experiencia de cer\u00e1mica<\/h2><\/div>\n\n\n\n<p class=\"has-ast-global-color-5-color has-text-color has-link-color wp-elements-28f36e6f856b9721a980df1b7af56c28\">Una experiencia creativa de dos horas pensada para disfrutar de la cer\u00e1mica en un solo d\u00eda.<\/p>\n\n\n\n<p class=\"has-ast-global-color-5-color has-text-color has-link-color wp-elements-b858aad0ef333ef165861a0418af1881\" style=\"margin-top:0;margin-bottom:0;padding-top:0;padding-bottom:0\"><strong>Durante el taller:<\/strong><\/p>\n\n\n\n<ul class=\"wp-block-list has-ast-global-color-5-color has-text-color has-link-color wp-elements-542f1e5897c52a41627c208a11bf6778\">\n<li>Crear\u00e1s dos piezas de cer\u00e1mica<\/li>\n\n\n\n<li>Aprender\u00e1s t\u00e9cnicas b\u00e1sicas de modelado<\/li>\n\n\n\n<li>Disfrutar\u00e1s de un ambiente relajado y creativo<\/li>\n\n\n\n<li>Podr\u00e1s compartir un peque\u00f1o aperitivo<\/li>\n<\/ul>\n\n\n\n<p class=\"has-ast-global-color-5-color has-text-color has-link-color wp-elements-89cadd35355a9fc3c17077ca77a81b84\">Ideal para descubrir la cer\u00e1mica o vivir una experiencia art\u00edstica diferente, solo o en grupo.<\/p>\n\n\n\n<div class=\"wp-block-uagb-buttons uagb-buttons__outer-wrap uagb-btn__default-btn uagb-btn-tablet__default-btn uagb-btn-mobile__default-btn uagb-block-583aadbd\"><div class=\"uagb-buttons__wrap uagb-buttons-layout-wrap \">\n<div class=\"wp-block-uagb-buttons-child uagb-buttons__outer-wrap uagb-block-20f6903a wp-block-button\"><div class=\"uagb-button__wrapper\"><a class=\"uagb-buttons-repeater wp-block-button__link\" aria-label=\"\" href=\"#\" rel=\"follow noopener\" target=\"_self\" role=\"button\"><div class=\"uagb-button__link\">consultar disponibilidad<\/div><\/a><\/div><\/div>\n<\/div><\/div>\n<\/div>\n\n\n\n<div class=\"wp-block-uagb-container uagb-block-4ab0a27b\">\n<div class=\"wp-block-uagb-image uagb-block-f54e48c9 wp-block-uagb-image--layout-default wp-block-uagb-image--effect-static wp-block-uagb-image--align-none\"><figure class=\"wp-block-uagb-image__figure\"><img decoding=\"async\" srcset=\"https:\/\/jobs.sephorconsulting.es\/Aranzazut\/wp-content\/uploads\/2026\/04\/Taller-ceramica-4-1.png ,https:\/\/jobs.sephorconsulting.es\/Aranzazut\/wp-content\/uploads\/2026\/04\/Taller-ceramica-4-1.png 780w, https:\/\/jobs.sephorconsulting.es\/Aranzazut\/wp-content\/uploads\/2026\/04\/Taller-ceramica-4-1.png 360w\" sizes=\"auto, (max-width: 480px) 150px\" src=\"https:\/\/jobs.sephorconsulting.es\/Aranzazut\/wp-content\/uploads\/2026\/04\/Taller-ceramica-4-1.png\" alt=\"\" class=\"uag-image-147\" width=\"882\" height=\"798\" title=\"Taller cer\u00e1mica (4) (1)\" loading=\"lazy\" role=\"img\"\/><\/figure><\/div>\n<\/div>\n<\/div><\/div>\n\n\n\n<div class=\"wp-block-uagb-container uagb-block-ad8bc61a alignfull uagb-is-root-container\"><div class=\"uagb-container-inner-blocks-wrap\">\n<div class=\"wp-block-uagb-advanced-heading uagb-block-a635ac0e\"><h2 class=\"uagb-heading-text\">Un taller pensado para diferentes perfiles<\/h2><\/div>\n\n\n\n<p class=\"has-text-align-center\">Nuestros talleres est\u00e1n abiertos a cualquier persona con inter\u00e9s por el arte y la creatividad.<\/p>\n\n\n\n<div class=\"wp-block-uagb-container uagb-block-a0ae0f71\">\n<div class=\"wp-block-uagb-info-box uagb-block-55e7147a uagb-infobox__content-wrap  uagb-infobox-icon-above-title uagb-infobox-image-valign-top\"><div class=\"uagb-ifb-content\"><div class=\"uagb-ifb-image-content\"><img decoding=\"async\" src=\"https:\/\/jobs.sephorconsulting.es\/Aranzazut\/wp-content\/uploads\/2026\/04\/Taller-ceramica.png\" alt=\"\" width=\"50\" height=\"50\" loading=\"lazy\"\/><\/div><div class=\"uagb-ifb-title-wrap\"><\/div><p class=\"uagb-ifb-desc\">Personas que quieren iniciarse en la cer\u00e1mica<\/p><\/div><\/div>\n\n\n\n<div class=\"wp-block-uagb-info-box uagb-block-0b7fc96d uagb-infobox__content-wrap  uagb-infobox-icon-above-title uagb-infobox-image-valign-top\"><div class=\"uagb-ifb-content\"><div class=\"uagb-ifb-image-content\"><img decoding=\"async\" src=\"https:\/\/jobs.sephorconsulting.es\/Aranzazut\/wp-content\/uploads\/2026\/04\/Taller-ceramica-1-1.png\" alt=\"\" width=\"50\" height=\"50\" loading=\"lazy\"\/><\/div><div class=\"uagb-ifb-title-wrap\"><\/div><p class=\"uagb-ifb-desc\">Amantes del arte y las manualidades<\/p><\/div><\/div>\n\n\n\n<div class=\"wp-block-uagb-info-box uagb-block-06e49662 uagb-infobox__content-wrap  uagb-infobox-icon-above-title uagb-infobox-image-valign-top\"><div class=\"uagb-ifb-content\"><div class=\"uagb-ifb-image-content\"><img decoding=\"async\" src=\"https:\/\/jobs.sephorconsulting.es\/Aranzazut\/wp-content\/uploads\/2026\/04\/Taller-ceramica-2.png\" alt=\"\" width=\"50\" height=\"50\" loading=\"lazy\"\/><\/div><div class=\"uagb-ifb-title-wrap\"><\/div><p class=\"uagb-ifb-desc\">Personas que buscan un espacio creativo para desconectar<\/p><\/div><\/div>\n\n\n\n<div class=\"wp-block-uagb-info-box uagb-block-2864aec6 uagb-infobox__content-wrap  uagb-infobox-icon-above-title uagb-infobox-image-valign-top\"><div class=\"uagb-ifb-content\"><div class=\"uagb-ifb-image-content\"><img decoding=\"async\" src=\"https:\/\/jobs.sephorconsulting.es\/Aranzazut\/wp-content\/uploads\/2026\/04\/Taller-ceramica-3.png\" alt=\"\" width=\"50\" height=\"50\" loading=\"lazy\"\/><\/div><div class=\"uagb-ifb-title-wrap\"><\/div><p class=\"uagb-ifb-desc\">Grupos que quieren compartir una experiencia diferente<\/p><\/div><\/div>\n<\/div>\n\n\n\n<p class=\"has-text-align-center\">En <strong>ARANZAZUT<\/strong> no trabajamos con resultados cerrados. Acompa\u00f1amos a cada persona para que desarrolle su propio lenguaje creativo, respetando sus tiempos y su forma de expresarse.<\/p>\n<\/div><\/div>\n\n\n\n<div class=\"wp-block-uagb-container uagb-block-72aaaf22 alignfull uagb-is-root-container\"><div class=\"uagb-container-inner-blocks-wrap\">\n<div class=\"wp-block-uagb-advanced-heading uagb-block-4d457427\"><h2 class=\"uagb-heading-text\">\u00bfTe gustar\u00eda probar un taller de cer\u00e1mica?<\/h2><\/div>\n\n\n\n<p class=\"has-text-align-center has-ast-global-color-5-color has-text-color has-link-color wp-elements-f3f6aed88f477fe35584234afad5149c\">Si quieres iniciarte en la cer\u00e1mica o vivir una experiencia creativa diferente, estaremos encantadas de acompa\u00f1arte en el proceso.<\/p>\n\n\n\n<div class=\"wp-block-uagb-buttons uagb-buttons__outer-wrap uagb-btn__default-btn uagb-btn-tablet__default-btn uagb-btn-mobile__default-btn uagb-block-63a4762a\"><div class=\"uagb-buttons__wrap uagb-buttons-layout-wrap \">\n<div class=\"wp-block-uagb-buttons-child uagb-buttons__outer-wrap uagb-block-9084df2a wp-block-button\"><div class=\"uagb-button__wrapper\"><a class=\"uagb-buttons-repeater wp-block-button__link\" aria-label=\"\" href=\"#\" rel=\"follow noopener\" target=\"_self\" role=\"button\"><div class=\"uagb-button__link\">solicita informaci\u00f3n<\/div><\/a><\/div><\/div>\n<\/div><\/div>\n<\/div><\/div>\n","protected":false},"excerpt":{"rendered":"<p>Talleres de cer\u00e1mica y modelado Descubre el arte de crear con tus manos La cer\u00e1mica es un proceso creativo donde [&hellip;]<\/p>\n","protected":false},"author":1,"featured_media":0,"parent":36,"menu_order":0,"comment_status":"closed","ping_status":"closed","template":"","meta":{"_uag_custom_page_level_css":"","site-sidebar-layout":"default","site-content-layout":"","ast-site-content-layout":"default","site-content-style":"default","site-sidebar-style":"default","ast-global-header-display":"","ast-banner-title-visibility":"","ast-main-header-display":"","ast-hfb-above-header-display":"","ast-hfb-below-header-display":"","ast-hfb-mobile-header-display":"","site-post-title":"disabled","ast-breadcrumbs-content":"","ast-featured-img":"","footer-sml-layout":"","ast-disable-related-posts":"","theme-transparent-header-meta":"","adv-header-id-meta":"","stick-header-meta":"","header-above-stick-meta":"","header-main-stick-meta":"","header-below-stick-meta":"","astra-migrate-meta-layouts":"default","ast-page-background-enabled":"default","ast-page-background-meta":{"desktop":{"background-color":"var(--ast-global-color-5)","background-image":"","background-repeat":"repeat","background-position":"center center","background-size":"auto","background-attachment":"scroll","background-type":"","background-media":"","overlay-type":"","overlay-color":"","overlay-opacity":"","overlay-gradient":""},"tablet":{"background-color":"","background-image":"","background-repeat":"repeat","background-position":"center center","background-size":"auto","background-attachment":"scroll","background-type":"","background-media":"","overlay-type":"","overlay-color":"","overlay-opacity":"","overlay-gradient":""},"mobile":{"background-color":"","background-image":"","background-repeat":"repeat","background-position":"center center","background-size":"auto","background-attachment":"scroll","background-type":"","background-media":"","overlay-type":"","overlay-color":"","overlay-opacity":"","overlay-gradient":""}},"ast-content-background-meta":{"desktop":{"background-color":"var(--ast-global-color-4)","background-image":"","background-repeat":"repeat","background-position":"center center","background-size":"auto","background-attachment":"scroll","background-type":"","background-media":"","overlay-type":"","overlay-color":"","overlay-opacity":"","overlay-gradient":""},"tablet":{"background-color":"var(--ast-global-color-4)","background-image":"","background-repeat":"repeat","background-position":"center center","background-size":"auto","background-attachment":"scroll","background-type":"","background-media":"","overlay-type":"","overlay-color":"","overlay-opacity":"","overlay-gradient":""},"mobile":{"background-color":"var(--ast-global-color-4)","background-image":"","background-repeat":"repeat","background-position":"center center","background-size":"auto","background-attachment":"scroll","background-type":"","background-media":"","overlay-type":"","overlay-color":"","overlay-opacity":"","overlay-gradient":""}},"footnotes":""},"class_list":["post-126","page","type-page","status-publish","hentry"],"uagb_featured_image_src":{"full":false,"thumbnail":false,"medium":false,"medium_large":false,"large":false,"1536x1536":false,"2048x2048":false},"uagb_author_info":{"display_name":"admin","author_link":"https:\/\/jobs.sephorconsulting.es\/Aranzazut\/index.php\/author\/desarrollosephor\/"},"uagb_comment_info":0,"uagb_excerpt":"Talleres de cer\u00e1mica y modelado Descubre el arte de crear con tus manos La cer\u00e1mica es un proceso creativo donde [&hellip;]","_links":{"self":[{"href":"https:\/\/jobs.sephorconsulting.es\/Aranzazut\/index.php\/wp-json\/wp\/v2\/pages\/126","targetHints":{"allow":["GET"]}}],"collection":[{"href":"https:\/\/jobs.sephorconsulting.es\/Aranzazut\/index.php\/wp-json\/wp\/v2\/pages"}],"about":[{"href":"https:\/\/jobs.sephorconsulting.es\/Aranzazut\/index.php\/wp-json\/wp\/v2\/types\/page"}],"author":[{"embeddable":true,"href":"https:\/\/jobs.sephorconsulting.es\/Aranzazut\/index.php\/wp-json\/wp\/v2\/users\/1"}],"replies":[{"embeddable":true,"href":"https:\/\/jobs.sephorconsulting.es\/Aranzazut\/index.php\/wp-json\/wp\/v2\/comments?post=126"}],"version-history":[{"count":14,"href":"https:\/\/jobs.sephorconsulting.es\/Aranzazut\/index.php\/wp-json\/wp\/v2\/pages\/126\/revisions"}],"predecessor-version":[{"id":160,"href":"https:\/\/jobs.sephorconsulting.es\/Aranzazut\/index.php\/wp-json\/wp\/v2\/pages\/126\/revisions\/160"}],"up":[{"embeddable":true,"href":"https:\/\/jobs.sephorconsulting.es\/Aranzazut\/index.php\/wp-json\/wp\/v2\/pages\/36"}],"wp:attachment":[{"href":"https:\/\/jobs.sephorconsulting.es\/Aranzazut\/index.php\/wp-json\/wp\/v2\/media?parent=126"}],"curies":[{"name":"wp","href":"https:\/\/api.w.org\/{rel}","templated":true}]}}