{"id":10,"date":"2026-04-08T11:45:01","date_gmt":"2026-04-08T11:45:01","guid":{"rendered":"https:\/\/jobs.sephorconsulting.es\/Aranzazut\/?page_id=10"},"modified":"2026-04-16T11:45:29","modified_gmt":"2026-04-16T11:45:29","slug":"inicio","status":"publish","type":"page","link":"https:\/\/jobs.sephorconsulting.es\/Aranzazut\/","title":{"rendered":"Inicio"},"content":{"rendered":"\n<div class=\"wp-block-uagb-container uagb-block-04a50efa alignfull uagb-is-root-container\"><div class=\"uagb-container-inner-blocks-wrap\">\n<div class=\"wp-block-uagb-container uagb-block-875b91bf\">\n<div class=\"wp-block-uagb-image uagb-block-f3da1fc3 wp-block-uagb-image--layout-default wp-block-uagb-image--effect-static wp-block-uagb-image--align-none\"><figure class=\"wp-block-uagb-image__figure\"><img decoding=\"async\" srcset=\"https:\/\/jobs.sephorconsulting.es\/Aranzazut\/wp-content\/uploads\/2026\/04\/Talleres-2-1.png ,https:\/\/jobs.sephorconsulting.es\/Aranzazut\/wp-content\/uploads\/2026\/04\/Talleres-2-1.png 780w, https:\/\/jobs.sephorconsulting.es\/Aranzazut\/wp-content\/uploads\/2026\/04\/Talleres-2-1.png 360w\" sizes=\"auto, (max-width: 480px) 150px\" src=\"https:\/\/jobs.sephorconsulting.es\/Aranzazut\/wp-content\/uploads\/2026\/04\/Talleres-2-1.png\" alt=\"\" class=\"uag-image-56\" width=\"824\" height=\"970\" title=\"Talleres (2) (1)\" loading=\"lazy\" role=\"img\"\/><\/figure><\/div>\n<\/div>\n\n\n\n<div class=\"wp-block-uagb-container uagb-block-865d28c6\">\n<div class=\"wp-block-uagb-advanced-heading uagb-block-66375ab8\"><h1 class=\"uagb-heading-text\">Talleres de arte<\/h1><p class=\"uagb-desc-text\">Dibujo, pintura, cer\u00e1mica y arte-terapia<\/p><\/div>\n\n\n\n<p>En <strong>ARANZAZUT<\/strong> desarrollamos talleres de arte donde la creatividad se convierte en una experiencia compartida. Ofrecemos diferentes disciplinas ART\u00cdSTICAS de dibujo, pintura, cer\u00e1mica, arte-terapia\u2026\u2026. para particulares, centros educativos, asociaciones e instituciones, creando espacios de aprendizaje, calma y expresi\u00f3n personal adaptados a cada grupo.<\/p>\n\n\n\n<div class=\"wp-block-uagb-buttons uagb-buttons__outer-wrap uagb-btn__default-btn uagb-btn-tablet__default-btn uagb-btn-mobile__default-btn uagb-block-dcc67d1f\"><div class=\"uagb-buttons__wrap uagb-buttons-layout-wrap \">\n<div class=\"wp-block-uagb-buttons-child uagb-buttons__outer-wrap uagb-block-98f01113 wp-block-button\"><div class=\"uagb-button__wrapper\"><a class=\"uagb-buttons-repeater wp-block-button__link\" aria-label=\"\" href=\"#\" rel=\"follow noopener\" target=\"_self\" role=\"button\"><div class=\"uagb-button__link\">ver talleres<\/div><\/a><\/div><\/div>\n<\/div><\/div>\n<\/div>\n<\/div><\/div>\n\n\n\n<div class=\"wp-block-uagb-container uagb-block-c81899a6 alignfull uagb-is-root-container\"><div class=\"uagb-container-inner-blocks-wrap\">\n<div class=\"wp-block-uagb-advanced-heading uagb-block-fbd0ec27\"><h2 class=\"uagb-heading-text\">Tu taller de cer\u00e1mica en Zaragoza<\/h2><p class=\"uagb-desc-text\">Arte, calma y cercan\u00eda<\/p><\/div>\n<\/div><\/div>\n\n\n\n<div class=\"wp-block-uagb-container uagb-block-fef7de1d alignfull uagb-is-root-container\">\n<div class=\"wp-block-uagb-container uagb-block-349db7e0\">\n<div class=\"wp-block-uagb-container uagb-block-a60f3dac\">\n<div class=\"wp-block-uagb-advanced-heading uagb-block-a23afcd5\"><h2 class=\"uagb-heading-text\">Talleres de dibujo y pintura<\/h2><\/div>\n\n\n\n<p class=\"has-text-align-center has-ast-global-color-5-color has-text-color has-link-color wp-elements-a287b5cd5933c92eb8f26478da83522a\">Un espacio para aprender y explorar el lenguaje del dibujo y la pintura. A trav\u00e9s de una formaci\u00f3n art\u00edstica personalizada, trabajamos la t\u00e9cnica y la creatividad adapt\u00e1ndonos al nivel y al ritmo de cada alumno.<\/p>\n\n\n\n<div class=\"wp-block-uagb-buttons uagb-buttons__outer-wrap uagb-btn__default-btn uagb-btn-tablet__default-btn uagb-btn-mobile__default-btn uagb-block-5790e423\"><div class=\"uagb-buttons__wrap uagb-buttons-layout-wrap \">\n<div class=\"wp-block-uagb-buttons-child uagb-buttons__outer-wrap uagb-block-ffe4ff7a wp-block-button\"><div class=\"uagb-button__wrapper\"><a class=\"uagb-buttons-repeater wp-block-button__link\" aria-label=\"\" href=\"#\" rel=\"follow noopener\" target=\"_self\" role=\"button\"><div class=\"uagb-button__link\">VER M\u00c1S<\/div><\/a><\/div><\/div>\n<\/div><\/div>\n<\/div>\n<\/div>\n\n\n\n<div class=\"wp-block-uagb-container uagb-block-c77277ce\"><\/div>\n<\/div>\n\n\n\n<div class=\"wp-block-uagb-container uagb-block-6cbe462c alignfull uagb-is-root-container\">\n<div class=\"wp-block-uagb-container uagb-block-5109e7b4\"><\/div>\n\n\n\n<div class=\"wp-block-uagb-container uagb-block-e960c15d\">\n<div class=\"wp-block-uagb-container uagb-block-c65be084\">\n<div class=\"wp-block-uagb-advanced-heading uagb-block-36bf6900\"><h2 class=\"uagb-heading-text\">Talleres de cer\u00e1mica<\/h2><\/div>\n\n\n\n<p class=\"has-text-align-center has-ast-global-color-5-color has-text-color has-link-color wp-elements-28fa6ed2a3838bfda59836100160be61\">Un lugar para experimentar con la arcilla y transformar ideas en piezas \u00fanicas. En estos talleres aprender\u00e1s t\u00e9cnicas de modelado, decoraci\u00f3n y esmaltado mientras disfrutas del proceso creativo.<\/p>\n\n\n\n<div class=\"wp-block-uagb-buttons uagb-buttons__outer-wrap uagb-btn__default-btn uagb-btn-tablet__default-btn uagb-btn-mobile__default-btn uagb-block-d3c76600\"><div class=\"uagb-buttons__wrap uagb-buttons-layout-wrap \">\n<div class=\"wp-block-uagb-buttons-child uagb-buttons__outer-wrap uagb-block-a682c4e8 wp-block-button\"><div class=\"uagb-button__wrapper\"><a class=\"uagb-buttons-repeater wp-block-button__link\" aria-label=\"\" href=\"#\" rel=\"follow noopener\" target=\"_self\" role=\"button\"><div class=\"uagb-button__link\">VER M\u00c1S<\/div><\/a><\/div><\/div>\n<\/div><\/div>\n<\/div>\n<\/div>\n<\/div>\n\n\n\n<div class=\"wp-block-uagb-container uagb-block-eceac1bb alignfull uagb-is-root-container\">\n<div class=\"wp-block-uagb-container uagb-block-770ddd17\">\n<div class=\"wp-block-uagb-container uagb-block-90d5d9d4\">\n<div class=\"wp-block-uagb-advanced-heading uagb-block-9550eb13\"><p class=\"uagb-desc-text\">ARTE-TERAPIA<\/p><h2 class=\"uagb-heading-text\">Arte para instituciones y proyectos sociales<\/h2><\/div>\n\n\n\n<p class=\"has-text-align-center has-ast-global-color-5-color has-text-color has-link-color wp-elements-3370814da772c8c7efb218f87755b574\">Dise\u00f1amos talleres y proyectos a medida para centros educativos, asociaciones, ayuntamientos y colectivos.<\/p>\n\n\n\n<div class=\"wp-block-uagb-buttons uagb-buttons__outer-wrap uagb-btn__default-btn uagb-btn-tablet__default-btn uagb-btn-mobile__default-btn uagb-block-d2fdad8a\"><div class=\"uagb-buttons__wrap uagb-buttons-layout-wrap \">\n<div class=\"wp-block-uagb-buttons-child uagb-buttons__outer-wrap uagb-block-d41eeb21 wp-block-button\"><div class=\"uagb-button__wrapper\"><a class=\"uagb-buttons-repeater wp-block-button__link\" aria-label=\"\" href=\"#\" rel=\"follow noopener\" target=\"_self\" role=\"button\"><div class=\"uagb-button__link\">VER M\u00c1S<\/div><\/a><\/div><\/div>\n<\/div><\/div>\n<\/div>\n<\/div>\n\n\n\n<div class=\"wp-block-uagb-container uagb-block-e6ab33a0\"><\/div>\n<\/div>\n\n\n\n<div class=\"wp-block-uagb-container uagb-block-a8ef5c40 alignfull uagb-is-root-container\"><div class=\"uagb-container-inner-blocks-wrap\">\n<div class=\"wp-block-uagb-container uagb-block-5ba5bc21\">\n<div class=\"wp-block-uagb-advanced-heading uagb-block-6265bc67\"><p class=\"uagb-desc-text\">QUIENES SOMOS<\/p><h2 class=\"uagb-heading-text\">Un proyecto art\u00edstico con mirada profesional y humana<\/h2><\/div>\n\n\n\n<p class=\"has-text-align-center has-ast-global-color-5-color has-text-color has-link-color wp-elements-1f2d227f2556d0813a49454b9016233e\">Detr\u00e1s de<strong> ARANZAZUT<\/strong> hay una trayectoria vinculada al arte, la formaci\u00f3n y el trabajo creativo con personas y colectivos. Cada propuesta se dise\u00f1a desde la escucha, la sensibilidad y la profesionalidad, adaptando los talleres al contexto, al grupo y al objetivo de cada actividad.<\/p>\n\n\n\n<div class=\"wp-block-uagb-buttons uagb-buttons__outer-wrap uagb-btn__default-btn uagb-btn-tablet__default-btn uagb-btn-mobile__default-btn uagb-block-185a5f86\"><div class=\"uagb-buttons__wrap uagb-buttons-layout-wrap \">\n<div class=\"wp-block-uagb-buttons-child uagb-buttons__outer-wrap uagb-block-cd55ceb6 wp-block-button\"><div class=\"uagb-button__wrapper\"><a class=\"uagb-buttons-repeater ast-outline-button\" aria-label=\"\" style=\"border-width:revert-layer\" href=\"#\" rel=\"follow noopener\" target=\"_self\" role=\"button\"><div class=\"uagb-button__link\">con\u00f3cenos<\/div><\/a><\/div><\/div>\n<\/div><\/div>\n<\/div>\n\n\n\n<div class=\"wp-block-uagb-container uagb-block-111a3835\">\n<div class=\"wp-block-uagb-image uagb-block-8e1576c2 wp-block-uagb-image--layout-default wp-block-uagb-image--effect-static wp-block-uagb-image--align-none\"><figure class=\"wp-block-uagb-image__figure\"><img decoding=\"async\" srcset=\"https:\/\/jobs.sephorconsulting.es\/Aranzazut\/wp-content\/uploads\/2026\/04\/Talleres-6-1.png ,https:\/\/jobs.sephorconsulting.es\/Aranzazut\/wp-content\/uploads\/2026\/04\/Talleres-6-1.png 780w, https:\/\/jobs.sephorconsulting.es\/Aranzazut\/wp-content\/uploads\/2026\/04\/Talleres-6-1.png 360w\" sizes=\"auto, (max-width: 480px) 150px\" src=\"https:\/\/jobs.sephorconsulting.es\/Aranzazut\/wp-content\/uploads\/2026\/04\/Talleres-6-1.png\" alt=\"\" class=\"uag-image-86\" width=\"846\" height=\"846\" title=\"Talleres (6) (1)\" loading=\"lazy\" role=\"img\"\/><\/figure><\/div>\n<\/div>\n<\/div><\/div>\n\n\n\n<div class=\"wp-block-uagb-container uagb-block-5d535238 alignfull uagb-is-root-container\"><div class=\"uagb-container-inner-blocks-wrap\">\n<div class=\"wp-block-uagb-advanced-heading uagb-block-ab412315\"><h2 class=\"uagb-heading-text\">Un taller de arte diferente, pensado para cada persona y cada espacio<\/h2><\/div>\n<\/div><\/div>\n\n\n\n<div class=\"wp-block-uagb-container uagb-block-3a8df859 alignfull uagb-is-root-container\"><div class=\"uagb-container-inner-blocks-wrap\">\n<div class=\"wp-block-uagb-container uagb-block-a55afb53\">\n<div class=\"wp-block-uagb-advanced-heading uagb-block-690f3b4c\"><h3 class=\"uagb-heading-text\">Profesionalidad art\u00edstica y experiencia<\/h3><\/div>\n\n\n\n<p class=\"has-text-align-center has-ast-global-color-5-color has-text-color has-link-color wp-elements-f0006ed696a705673340e86cb905f4d6\">Trabajamos desde la experiencia, el conocimiento y el rigor art\u00edstico, adaptando cada propuesta sin perder calidad ni criterio creativo.<\/p>\n<\/div>\n\n\n\n<div class=\"wp-block-uagb-container uagb-block-68a53c90\">\n<div class=\"wp-block-uagb-advanced-heading uagb-block-10d5a9a1\"><h3 class=\"uagb-heading-text\">Talleres personalizados<\/h3><\/div>\n\n\n\n<p class=\"has-text-align-center has-ast-global-color-5-color has-text-color has-link-color wp-elements-6f661f57bfceccbb35a3e66f018fa868\">Cada actividad se dise\u00f1a a medida seg\u00fan el grupo, la edad, el contexto y los objetivos, alej\u00e1ndonos de formatos est\u00e1ndar.<\/p>\n<\/div>\n\n\n\n<div class=\"wp-block-uagb-container uagb-block-30059d84\">\n<div class=\"wp-block-uagb-advanced-heading uagb-block-fd224460\"><h3 class=\"uagb-heading-text\">Espacios cercanos y en calma<\/h3><\/div>\n\n\n\n<p class=\"has-text-align-center has-ast-global-color-5-color has-text-color has-link-color wp-elements-97f90f7b338d56dbb00487e4b839d02f\">Creamos entornos donde aprender, expresarse y disfrutar del proceso creativo desde la calma, la confianza y el respeto.<\/p>\n<\/div>\n\n\n\n<div class=\"wp-block-uagb-container uagb-block-1ea9747b\">\n<div class=\"wp-block-uagb-advanced-heading uagb-block-4befaa1d\"><h3 class=\"uagb-heading-text\">Para instituciones y p\u00fablico general<\/h3><\/div>\n\n\n\n<p class=\"has-text-align-center has-ast-global-color-5-color has-text-color has-link-color wp-elements-cfc2b74c2e611c2bf1627c176dd09071\">Desarrollamos talleres tanto para personas individuales como para centros educativos, asociaciones, ayuntamientos y proyectos culturales.<\/p>\n<\/div>\n<\/div><\/div>\n\n\n\n<div class=\"wp-block-uagb-buttons uagb-buttons__outer-wrap uagb-btn__default-btn uagb-btn-tablet__default-btn uagb-btn-mobile__default-btn uagb-block-388dcceb\"><div class=\"uagb-buttons__wrap uagb-buttons-layout-wrap \">\n<div class=\"wp-block-uagb-buttons-child uagb-buttons__outer-wrap uagb-block-244c0f57 wp-block-button\"><div class=\"uagb-button__wrapper\"><a class=\"uagb-buttons-repeater wp-block-button__link\" aria-label=\"\" href=\"#\" rel=\"follow noopener\" target=\"_self\" role=\"button\"><div class=\"uagb-button__link\">m\u00e1s informaci\u00f3n<\/div><\/a><\/div><\/div>\n<\/div><\/div>\n\n\n\n<div class=\"wp-block-uagb-container uagb-block-88722750 alignfull uagb-is-root-container\"><div class=\"uagb-container-inner-blocks-wrap\">\n<div class=\"wp-block-uagb-advanced-heading uagb-block-850a7713\"><h2 class=\"uagb-heading-text\">\u00bfBuscas un taller de arte o una propuesta creativa para tu entidad?<\/h2><p class=\"uagb-desc-text\">Si quieres organizar un taller de dibujo, pintura, cer\u00e1mica, arte-terapia o una actividad art\u00edstica personalizada, estaremos encantadas de escucharte.<\/p><\/div>\n\n\n\n<div class=\"wp-block-uagb-buttons uagb-buttons__outer-wrap uagb-btn__default-btn uagb-btn-tablet__default-btn uagb-btn-mobile__default-btn uagb-block-08dfac62\"><div class=\"uagb-buttons__wrap uagb-buttons-layout-wrap \">\n<div class=\"wp-block-uagb-buttons-child uagb-buttons__outer-wrap uagb-block-745f0641 wp-block-button\"><div class=\"uagb-button__wrapper\"><a class=\"uagb-buttons-repeater ast-outline-button\" aria-label=\"\" style=\"border-width:revert-layer\" href=\"#\" rel=\"follow noopener\" target=\"_self\" role=\"button\"><div class=\"uagb-button__link\">solicita informaci\u00f3n<\/div><\/a><\/div><\/div>\n<\/div><\/div>\n<\/div><\/div>\n","protected":false},"excerpt":{"rendered":"<p>Talleres de arte Dibujo, pintura, cer\u00e1mica y arte-terapia En ARANZAZUT desarrollamos talleres de arte donde la creatividad se convierte en [&hellip;]<\/p>\n","protected":false},"author":1,"featured_media":0,"parent":0,"menu_order":0,"comment_status":"closed","ping_status":"closed","template":"","meta":{"_uag_custom_page_level_css":"","site-sidebar-layout":"no-sidebar","site-content-layout":"plain-container","ast-site-content-layout":"default","site-content-style":"default","site-sidebar-style":"default","ast-global-header-display":"","ast-banner-title-visibility":"","ast-main-header-display":"","ast-hfb-above-header-display":"","ast-hfb-below-header-display":"","ast-hfb-mobile-header-display":"","site-post-title":"disabled","ast-breadcrumbs-content":"","ast-featured-img":"","footer-sml-layout":"","ast-disable-related-posts":"","theme-transparent-header-meta":"default","adv-header-id-meta":"","stick-header-meta":"","header-above-stick-meta":"","header-main-stick-meta":"","header-below-stick-meta":"","astra-migrate-meta-layouts":"default","ast-page-background-enabled":"default","ast-page-background-meta":{"desktop":{"background-color":"var(--ast-global-color-5)","background-image":"","background-repeat":"repeat","background-position":"center center","background-size":"auto","background-attachment":"scroll","background-type":"","background-media":"","overlay-type":"","overlay-color":"","overlay-opacity":"","overlay-gradient":""},"tablet":{"background-color":"","background-image":"","background-repeat":"repeat","background-position":"center center","background-size":"auto","background-attachment":"scroll","background-type":"","background-media":"","overlay-type":"","overlay-color":"","overlay-opacity":"","overlay-gradient":""},"mobile":{"background-color":"","background-image":"","background-repeat":"repeat","background-position":"center center","background-size":"auto","background-attachment":"scroll","background-type":"","background-media":"","overlay-type":"","overlay-color":"","overlay-opacity":"","overlay-gradient":""}},"ast-content-background-meta":{"desktop":{"background-color":"var(--ast-global-color-4)","background-image":"","background-repeat":"repeat","background-position":"center center","background-size":"auto","background-attachment":"scroll","background-type":"","background-media":"","overlay-type":"","overlay-color":"","overlay-opacity":"","overlay-gradient":""},"tablet":{"background-color":"var(--ast-global-color-4)","background-image":"","background-repeat":"repeat","background-position":"center center","background-size":"auto","background-attachment":"scroll","background-type":"","background-media":"","overlay-type":"","overlay-color":"","overlay-opacity":"","overlay-gradient":""},"mobile":{"background-color":"var(--ast-global-color-4)","background-image":"","background-repeat":"repeat","background-position":"center center","background-size":"auto","background-attachment":"scroll","background-type":"","background-media":"","overlay-type":"","overlay-color":"","overlay-opacity":"","overlay-gradient":""}},"footnotes":""},"class_list":["post-10","page","type-page","status-publish","hentry"],"uagb_featured_image_src":{"full":false,"thumbnail":false,"medium":false,"medium_large":false,"large":false,"1536x1536":false,"2048x2048":false},"uagb_author_info":{"display_name":"admin","author_link":"https:\/\/jobs.sephorconsulting.es\/Aranzazut\/index.php\/author\/desarrollosephor\/"},"uagb_comment_info":0,"uagb_excerpt":"Talleres de arte Dibujo, pintura, cer\u00e1mica y arte-terapia En ARANZAZUT desarrollamos talleres de arte donde la creatividad se convierte en [&hellip;]","_links":{"self":[{"href":"https:\/\/jobs.sephorconsulting.es\/Aranzazut\/index.php\/wp-json\/wp\/v2\/pages\/10","targetHints":{"allow":["GET"]}}],"collection":[{"href":"https:\/\/jobs.sephorconsulting.es\/Aranzazut\/index.php\/wp-json\/wp\/v2\/pages"}],"about":[{"href":"https:\/\/jobs.sephorconsulting.es\/Aranzazut\/index.php\/wp-json\/wp\/v2\/types\/page"}],"author":[{"embeddable":true,"href":"https:\/\/jobs.sephorconsulting.es\/Aranzazut\/index.php\/wp-json\/wp\/v2\/users\/1"}],"replies":[{"embeddable":true,"href":"https:\/\/jobs.sephorconsulting.es\/Aranzazut\/index.php\/wp-json\/wp\/v2\/comments?post=10"}],"version-history":[{"count":36,"href":"https:\/\/jobs.sephorconsulting.es\/Aranzazut\/index.php\/wp-json\/wp\/v2\/pages\/10\/revisions"}],"predecessor-version":[{"id":112,"href":"https:\/\/jobs.sephorconsulting.es\/Aranzazut\/index.php\/wp-json\/wp\/v2\/pages\/10\/revisions\/112"}],"wp:attachment":[{"href":"https:\/\/jobs.sephorconsulting.es\/Aranzazut\/index.php\/wp-json\/wp\/v2\/media?parent=10"}],"curies":[{"name":"wp","href":"https:\/\/api.w.org\/{rel}","templated":true}]}}